{"id":115,"date":"2013-04-07T15:31:39","date_gmt":"2013-04-07T15:31:39","guid":{"rendered":"http:\/\/www.infantedonfelipe.es\/contenido\/?page_id=115"},"modified":"2013-04-07T15:46:44","modified_gmt":"2013-04-07T15:46:44","slug":"proyecto-educativo","status":"publish","type":"page","link":"https:\/\/www.infantedonfelipe.es\/contenido\/proyecto-educativo\/","title":{"rendered":"Proyecto Educativo"},"content":{"rendered":"<h3>Compromiso con la educaci\u00f3n<\/h3>\n<p>El presente Proyecto Educativo de Centro que aqu\u00ed iniciamos nace con la vocaci\u00f3n de ser un documento de consenso y compromiso para la formaci\u00f3n de los alumnos y alumnas del Colegio P\u00fablico de Educaci\u00f3n Infantil y Primaria \u201cInfante Don Felipe\u201d.<\/p>\n<p>Se adapta a la realidad de Daimiel, a las necesidades de sus familias, al conocimiento y comprensi\u00f3n de sus tradiciones, y a las aspiraciones de los ciudadanos que construir\u00e1n su futuro. El Colegio \u201cInfante Don Felipe\u201d ha sido hasta la presente un referente importante en la vida escolar de Daimiel y as\u00ed debe seguir si\u00e9ndolo.<\/p>\n<p>Se ajusta a las necesidades de los alumnos y alumnas. El Colegio \u201cInfante Don Felipe\u201d tiene una larga trayectoria de integraci\u00f3n. En el a\u00f1o 1985 el Claustro de Profesores aprob\u00f3 por amplia mayor\u00eda acogerse al Plan Nacional de Integraci\u00f3n, y desde entonces es frecuente que en nuestras aulas convivan alumnos y alumnas con distintas necesidades. Este Proyecto Educativo pretende ajustarse a todos los alumnos y alumnas sin distinci\u00f3n.<\/p>\n<p>Se proyecta en un tiempo determinado, para una sociedad moderna y como concreci\u00f3n de una normativa educativa recientemente establecida. Tiene vocaci\u00f3n de orientar un proceso durante varios cursos escolares, sin embargo no puede tampoco perpetuarse indefinidamente, ya que debe ser un documento vivo que se vaya modificando seg\u00fan cambie la realidad de la que forma parte y a la que, a su vez, va orientada.<\/p>\n<p>Se construye a partir de estrategias de puesta en com\u00fan, de intercambio, de coordinaci\u00f3n, de acuerdo hasta alcanzar un resultado compartido por todos. En un Centro Docente deben aunarse muchos esfuerzos individuales, en una misma direcci\u00f3n y, con una \u00fanica finalidad, la educaci\u00f3n de los alumnos y alumnas.<\/p>\n<p>Ha de tener como finalidad b\u00e1sica el desarrollo de las capacidades necesarias para que el alumnado pueda desenvolverse en el futuro como ciudadanos con plenos derechos y deberes, con un juicio cr\u00edtico que le permita adoptar actitudes y comportamientos basados en valores racionales y libremente asumidos.<\/p>\n<p>&nbsp;<\/p>\n<p>El Proyecto Educativo ir\u00e1 siempre encaminado a mejorar la calidad del proceso de ense\u00f1anza &#8211; aprendizaje. Para este fin necesitamos unos procedimientos claros:<\/p>\n<ul>\n<li>Como docentes tenemos la misi\u00f3n de educar, ense\u00f1ar y preparar a nuestro alumnado, para que se conviertan en personas libres, responsables, con esp\u00edritu cr\u00edtico y creativo, que les permita participar activamente en todos los \u00e1mbitos de la vida personal, familiar, profesional y social.<\/li>\n<li>Se favorecer\u00e1 el respeto, la solidaridad y la igualdad, rechazando cualquier forma de discriminaci\u00f3n.<\/li>\n<li>Concebimos la ense\u00f1anza como un proceso educativo entre maestro y alumno destinado al desarrollo integral del alumnado mediante una formaci\u00f3n personalizada que d\u00e9 respuesta a la diversidad, reconociendo las diferentes necesidades y compensando las desigualdades.<\/li>\n<li>Intentamos potenciar la participaci\u00f3n activa del alumnado en su propio proceso de aprendizaje, as\u00ed como la colaboraci\u00f3n de las familias, estableciendo v\u00ednculos fluidos de comunicaci\u00f3n y relaci\u00f3n, abriendo el Centro al entorno sociocultural.<\/li>\n<li>Clasificamos y delimitamos los objetivos que este Centro se plantea, fomentando una evaluaci\u00f3n formativa y peri\u00f3dica que tenga en cuenta la diversidad y caracter\u00edsticas de todos nuestros alumnos y alumnas.<\/li>\n<\/ul>\n<p>&nbsp;<\/p>\n<h3>Notas de Identidad<\/h3>\n<p>El Proyecto Educativo de Centro establece el estilo de formaci\u00f3n y los principios que fundamentan la labor educativa, seg\u00fan los siguientes par\u00e1metros:<\/p>\n<p>&nbsp;<\/p>\n<h3>Estilo de formaci\u00f3n<\/h3>\n<p>El Colegio se manifiesta aconfesional y respetuoso con todas las creencias, libre de cualquier tendencia pol\u00edtica o ideol\u00f3gica determinada y renuncia a todo tipo de adoctrinamiento. No obstante, como la gran mayor\u00eda de las familias solicita que sea impartida a sus hijos la Religi\u00f3n Cat\u00f3lica, el Colegio ha podido atender dicha petici\u00f3n, poni\u00e9ndose en contacto con el Obispado de la provincia.<\/p>\n<p>Abogamos por la integraci\u00f3n de las personas que presentan alguna discapacidad pues creemos que necesariamente se benefician de las condiciones de las dem\u00e1s, as\u00ed como de lo que el Centro les ofrece.<\/p>\n<p>Coeducaci\u00f3n. Propugnamos por la no diferenciaci\u00f3n por raz\u00f3n de sexo velando por la igualdad de deberes y derechos de ambos sexos, favoreciendo la convivencia y el respeto mutuo entre alumnos y alumnas; se evitar\u00e1 la jerarquizaci\u00f3n de valores masculinos sobre los femeninos y viceversa as\u00ed como la utilizaci\u00f3n de un lenguaje claramente sexista.<\/p>\n<p>Derecho a la diferencia e igualdad de oportunidades. El Centro respetar\u00e1 el derecho de todos a tener unas mismas condiciones educativas, evitando cualquier discriminaci\u00f3n por raz\u00f3n de diferencias individuales, ling\u00fc\u00edsticas, culturales o del entorno.<\/p>\n<p>Formaci\u00f3n integral. Para el logro del pleno desarrollo de la personalidad incidiendo en todos los aspectos: corporal, cognitivo, afectivo, etc., garantizando la continuidad y coherencia entre todas las etapas del sistema educativo.<\/p>\n<p>Fomentaremos la participaci\u00f3n en todos los sectores educativos mediante la elaboraci\u00f3n de un curr\u00edculo flexible, que permita la apertura del Centro al entorno, sinti\u00e9ndonos solidarios y comprometidos con todos, como lugar de acogida para quienes tengan necesidad de \u00e9l.<\/p>\n<p>Innovaci\u00f3n e investigaci\u00f3n. Desarrollaremos el esp\u00edritu cr\u00edtico para intentar una mejora constante de nuestra pr\u00e1ctica educativa.<\/p>\n<p>&nbsp;<\/p>\n<h3>Principios Educativos<\/h3>\n<p>Los principios que fundamentan la labor educativa de nuestro Centro son los siguientes:<\/p>\n<ul>\n<li>Contribuir a que todos los ni\u00f1os y ni\u00f1as se desarrollen como personas, de acuerdo con sus aptitudes e intereses, y en todas sus facetas: emocional, cultural, social, educativa, corporal, actitudinal y creativa.<\/li>\n<li>Adecuar contenidos y procedimientos al contexto en que se mueven nuestros alumnos y alumnas.<\/li>\n<li>Conseguir que nuestro planteamiento educativo responda a las necesidades particulares de los alumnos y alumnas, mediante las oportunas adaptaciones curriculares y metodol\u00f3gicas.<\/li>\n<li>Cultivar la investigaci\u00f3n y la sistematizaci\u00f3n cient\u00edfica de cara a una utilizaci\u00f3n pr\u00e1ctica de los conocimientos para que no exista desconexi\u00f3n entre teor\u00eda y pr\u00e1ctica ni trabajo y estudio.<\/li>\n<li>Desarrollar actitudes de colaboraci\u00f3n, solidaridad, comprensi\u00f3n, ayuda, valoraci\u00f3n, respeto y participaci\u00f3n en la vida social, de forma democr\u00e1tica.<\/li>\n<li>Buscar cauces y situaciones para que TODOS (padres, profesores y alumnos), puedan reflexionar para mejorar el trabajo y las relaciones diarias.<\/li>\n<li>Fomentar situaciones en las que todos los alumnos y alumnas se sientan integrados y \u00fatiles a la comunidad escolar.<\/li>\n<li>Prevenir las posibles dificultades de aprendizaje, e intentar atajar lo antes posible los casos de fracaso, inadaptaci\u00f3n, abandono o absentismo escolar.<\/li>\n<li>Asegurar la continuidad y coherencia de la labor educativa en todos los ciclos y \u00e1reas.<\/li>\n<li>Contribuir a que existan buenas relaciones e interacciones entre las distintas personas que forman la comunidad escolar.<\/li>\n<li>Promover y ayudar toda acci\u00f3n innovadora que contribuya a una mejor calidad educativa.<\/li>\n<li>Crear situaciones que faciliten la reflexi\u00f3n sobre nuestro quehacer educativo diario.<\/li>\n<li>Capacitar a todos los alumnos y alumnas para que aprendan a aprender.<\/li>\n<li>Asesorar a ni\u00f1os, padres y maestros sobre las diferentes alternativas en situaciones educativas.<\/li>\n<\/ul>\n<p>&nbsp;<\/p>\n<h3>Valores Subyacentes<\/h3>\n<ul>\n<li>Pretendemos crear un clima relacional, donde la cooperaci\u00f3n, el respeto, la comprensi\u00f3n, la solidaridad&#8230;, sean la base de la indispensable disciplina y orden para el trabajo educativo.<\/li>\n<li>Buscamos que en todo quehacer educativo impere la sinceridad, la puntualidad, la justicia, la libertad, la igualdad y la identidad.<\/li>\n<li>Creemos que podemos hacer una escuela donde la integraci\u00f3n sea posible y necesaria, y en la que el trabajo manual e intelectual, y el respeto y la valoraci\u00f3n del medio ambiente sean los pilares de aproximaci\u00f3n a la vida en sociedad.<\/li>\n<\/ul>\n<p>Aunque en la actualidad todos los centros educativos, ya sean p\u00fablicos o concertados son de integraci\u00f3n, es decir, pueden escolarizar alumnos y alumnas con necesidades espec\u00edficas de apoyo educativo, nuestro Centro fue considerado como Centro de Integraci\u00f3n desde la implantaci\u00f3n del Plan Experimental en 1985, especializado en deficiencias mot\u00f3ricas, a\u00fan cuando tambi\u00e9n ha acogido alumnos y alumnas con necesidades muy diversas: hipoac\u00fasicas, visuales, S\u00edndromes de Down, caracteriales, mentales medias, etc.<\/p>\n<p>Esta realidad es una caracter\u00edstica que impregna la labor educativa en nuestro Colegio, en la labor de los docentes y en la convivencia de los alumnos y alumnas. En las aulas, igual que en la sociedad, se relacionan ni\u00f1os y ni\u00f1as de distinta capacidad y condici\u00f3n, y de las experiencias que tengan, as\u00ed ser\u00e1 el mutuo enriquecimiento personal.<\/p>\n<p>&nbsp;<\/p>\n<h3>Oferta de Ense\u00f1anzas<\/h3>\n<p>&nbsp;<\/p>\n<h3>Educaci\u00f3n Infantil<\/h3>\n<p>&nbsp;<\/p>\n<h4>Objetivos Generales de la Educaci\u00f3n Infantil<\/h4>\n<p>En el Decreto 67\/2007, de 29-05-2007, por el que se establece y ordena el segundo ciclo de la Educaci\u00f3n Infantil en Castilla La Mancha, art\u00edculo 4, se formulan los objetivos generales del ciclo, que van a contribuir a que los ni\u00f1os y ni\u00f1as desarrollen capacidades que les permitan:<\/p>\n<ol>\n<li>Descubrir y construir, a trav\u00e9s de la acci\u00f3n, el conocimiento de su propio cuerpo y el de los otros, actuar con seguridad y aprender a respetar las diferencias.<\/li>\n<li>Observar y explorar el mundo que les rodea a trav\u00e9s del juego y de la acci\u00f3n y desarrollar actitudes de curiosidad y conservaci\u00f3n.<\/li>\n<li>Adquirir h\u00e1bitos de higiene, alimentaci\u00f3n, vestido, descanso y protecci\u00f3n.<\/li>\n<li>Construir una imagen ajustada de s\u00ed mismo y desarrollar las capacidades afectivas.<\/li>\n<li>Establecer relaciones positivas con los iguales y los adultos; adquirir las pautas elementales de convivencia y relaci\u00f3n social; regular la conducta, as\u00ed como ejercitarse en la resoluci\u00f3n pac\u00edfica de conflictos.<\/li>\n<li>Desarrollar las habilidades comunicativas a trav\u00e9s de distintos lenguajes, incluida la lengua extranjera, y formas de expresi\u00f3n a trav\u00e9s del movimiento, el gesto y el ritmo.<\/li>\n<li>Iniciarse en el manejo de las herramientas l\u00f3gico-matem\u00e1ticas, la lecto-escritura y las tecnolog\u00edas de la informaci\u00f3n y la comunicaci\u00f3n.<\/li>\n<li>Descubrir el placer de la lectura a trav\u00e9s de los cuentos y relatos.<\/li>\n<li>Conocer y participar de forma activa en las manifestaciones sociales y culturales de Castilla-La Mancha.<\/li>\n<\/ol>\n<p>&nbsp;<\/p>\n<h4>Competencias B\u00e1sicas<\/h4>\n<p>Las competencias b\u00e1sicas, desde el proceso de ense\u00f1anza, son aquellos conocimientos, destrezas y actitudes necesarios para que una persona alcance su desarrollo personal, escolar y social. Estas competencias las alcanza el alumnado a trav\u00e9s del curr\u00edculo formal, de las actividades no formales y de las distintas situaciones a las que se enfrenta en el d\u00eda a d\u00eda, tanto en la escuela, como en casa o en la vida social.<\/p>\n<p>La competencia la demuestra el alumnado cuando es capaz de actuar, de resolver, de producir o de transformar la realidad a trav\u00e9s de las tareas que se le proponen. La competencia, desde el doble proceso de ense\u00f1anza y aprendizaje, se adquiere y mejora a lo largo de la vida en un proceso que puede ser secuenciado y valorado en las distintas fases de la secuencia.<\/p>\n<p>La Comunidad Aut\u00f3noma de Castilla-La Mancha amplia a nueve las competencias b\u00e1sicas, a\u00f1ade la \u201ccompetencia emocional\u201d y las incorpora como referente curricular en todas las etapas, adaptando su contenido al desarrollo evolutivo del alumnado.<\/p>\n<p>&nbsp;<\/p>\n<p>En el caso del Segundo ciclo de la Educaci\u00f3n infantil y de la Educaci\u00f3n Primaria estas son:<\/p>\n<p>a. Competencia en comunicaci\u00f3n ling\u00fc\u00edstica.<\/p>\n<p>b. Competencia matem\u00e1tica.<\/p>\n<p>c. Competencia en el conocimiento y la interacci\u00f3n con el mundo f\u00edsico.<\/p>\n<p>d. Tratamiento de la informaci\u00f3n y competencia digital.<\/p>\n<p>e. Competencia social y ciudadana.<\/p>\n<p>f. Competencia cultural y art\u00edstica.<\/p>\n<p>g. Competencia para aprender a aprender.<\/p>\n<p>h. Autonom\u00eda e iniciativa personal.<\/p>\n<p>i. Competencia emocional.<\/p>\n<p>\u00c1reas de la Educaci\u00f3n Infantil<\/p>\n<p>&nbsp;<\/p>\n<p>El curr\u00edculo del Segundo Ciclo de Educaci\u00f3n Infantil, se organiza en tres grandes \u00e1reas, seg\u00fan la siguiente clasificaci\u00f3n:<\/p>\n<p>&nbsp;<\/p>\n<h4>Conocimiento de s\u00ed mismo y autonom\u00eda personal<\/h4>\n<p>En esta \u00e1rea se integra la construcci\u00f3n gradual que la ni\u00f1a y el ni\u00f1o hacen de la propia identidad y de la autonom\u00eda en contacto con los dem\u00e1s y el entorno. Para alcanzar los objetivos que se pretenden con esta \u00e1rea, los contenidos se organizar\u00e1n en dos bloques tem\u00e1ticos:<\/p>\n<ul>\n<li>El cuerpo: imagen y salud.<\/li>\n<li>El juego y la actividad en la vida cotidiana.<\/li>\n<\/ul>\n<p>&nbsp;<\/p>\n<h4>Conocimiento e interacci\u00f3n con el entorno<\/h4>\n<p>En esta \u00e1rea se pretende favorecer en ni\u00f1os y ni\u00f1as el proceso de descubrimiento y representaci\u00f3n de los diferentes contextos que componen nuestro entorno infantil, as\u00ed como facilitar su inserci\u00f3n en ellos. Para su logro, los contenidos se van a organizar en torno a dos bloques de contenido:<\/p>\n<ul>\n<li>El acercamiento al medio natural.<\/li>\n<li>La participaci\u00f3n en la vida cultural y social.<\/li>\n<\/ul>\n<p>Es importante destacar que la representaci\u00f3n de la realidad desde una perspectiva matem\u00e1tica se incluye en el primer bloque tem\u00e1tico de esta \u00e1rea.<\/p>\n<p>&nbsp;<\/p>\n<h4>Los Lenguajes: Comunicaci\u00f3n y Representaci\u00f3n<\/h4>\n<p>Las diferentes formas de comunicaci\u00f3n y representaci\u00f3n se integran en este \u00e1rea para ofrecer a los ni\u00f1os y ni\u00f1as todas las v\u00edas posibles de interconexi\u00f3n con el entorno y con los dem\u00e1s.<\/p>\n<p>Los bloques de contenido que componen esta \u00e1rea son los siguientes:<\/p>\n<ul>\n<li>El lenguaje verbal:\n<ul>\n<li>Lengua castellana.\n<ul>\n<li>Acercamiento a la literatura infantil.<\/li>\n<li>Lengua extranjera: Ingl\u00e9s.<\/li>\n<li>Los lenguajes creativos:\n<ul>\n<li>Lenguaje pl\u00e1stico.<\/li>\n<li>Lenguaje musical.<\/li>\n<li>Lenguaje corporal.<\/li>\n<li>El lenguaje de las Tecnolog\u00edas de la informaci\u00f3n y la comunicaci\u00f3n.<\/li>\n<\/ul>\n<\/li>\n<\/ul>\n<\/li>\n<\/ul>\n<\/li>\n<\/ul>\n<p>&nbsp;<\/p>\n<p>La Ense\u00f1anza de la Religi\u00f3n Cat\u00f3lica debe regirse por lo establecido en la normativa vigente. En el Colegio \u201cInfante Don Felipe\u201d un 94,67 por ciento de los padres solicitan ense\u00f1anza de la Religi\u00f3n Cat\u00f3lica para sus hijos.<\/p>\n<p>&nbsp;<\/p>\n<h3>Educaci\u00f3n Primaria<\/h3>\n<p>&nbsp;<\/p>\n<h4>Objetivos Generales de la Educaci\u00f3n Primaria.<\/h4>\n<p>En el Decreto 68\/2007, de 29-05-2007, por el que se establece y ordena el curr\u00edculo de la Educaci\u00f3n Primaria en Castilla La Mancha, art\u00edculo 4, se formulan los objetivos generales del ciclo, que van a contribuir a que los ni\u00f1os y ni\u00f1as desarrollen capacidades que les permitan:<\/p>\n<ol>\n<li>Conocer y apreciar los valores y las normas de convivencia, aprender a obrar de acuerdo con ellas, prepararse para el ejercicio activo de la ciudadan\u00eda y respetar los derechos humanos, as\u00ed como el pluralismo propio de una sociedad democr\u00e1tica.<\/li>\n<li>Desarrollar h\u00e1bitos de trabajo individual y de equipo, de esfuerzo y responsabilidad en el estudio as\u00ed como actitudes de confianza en s\u00ed mismo, sentido cr\u00edtico, iniciativa personal, curiosidad, inter\u00e9s y creatividad en el aprendizaje.<\/li>\n<li>Adquirir habilidades para la prevenci\u00f3n y para la resoluci\u00f3n pac\u00edfica de conflictos, que les permitan desenvolverse con autonom\u00eda en el \u00e1mbito familiar y escolar, as\u00ed como en los grupos sociales en los que se relacionan.<\/li>\n<li>Conocer, comprender y respetar las diferentes culturas y las diferencias entre las personas, la igualdad de derechos y oportunidades de hombres y mujeres; tener una actitud de rechazo de cualquier prejuicio y de no discriminaci\u00f3n por razones personales, sociales, econ\u00f3micas, culturales, de creencias o de raza.<\/li>\n<li>Conocer y utilizar de forma apropiada la lengua castellana, y desarrollar los h\u00e1bitos y el gusto por la lectura y por la escritura como herramienta de autor.<\/li>\n<li>Adquirir en la lengua inglesa la competencia comunicativa b\u00e1sica que les permita expresar y comprender mensajes sencillos y desenvolverse en situaciones cotidianas.<\/li>\n<li>Desarrollar las competencias matem\u00e1ticas b\u00e1sicas e iniciarse en la resoluci\u00f3n de problemas que requieran la realizaci\u00f3n de operaciones elementales de c\u00e1lculo, conocimientos geom\u00e9tricos y estimaciones, as\u00ed como ser capaces de aplicarlos a las situaciones de su vida cotidiana.<\/li>\n<li>Conocer y valorar partir de la observaci\u00f3n y de la acci\u00f3n, adoptando una actitud investigadora, los rasgos b\u00e1sicos del patrimonio natural, social, cultural, hist\u00f3rico y art\u00edstico de Daimiel, de la Comunidad de Castilla La Mancha, de Espa\u00f1a y de la Uni\u00f3n Europea, y adoptar las medidas de protecci\u00f3n, respeto y cuidado del mismo.<\/li>\n<li>Iniciarse en la utilizaci\u00f3n, para el aprendizaje y la comunicaci\u00f3n interpersonal, de las tecnolog\u00edas de la informaci\u00f3n y la comunicaci\u00f3n, desarrollando un esp\u00edritu cr\u00edtico ante los mensajes que reciben y elaboran.<\/li>\n<li>Utilizar diferentes medios de representaci\u00f3n y expresi\u00f3n art\u00edstica e iniciarse en la construcci\u00f3n de propuestas visuales.<\/li>\n<li>Valorar la higiene y la salud, aceptar el propio cuerpo y el de los otros, respetar las diferencias y utilizar la educaci\u00f3n f\u00edsica y el deporte como medios para favorecer el desarrollo personal y social.<\/li>\n<li>Conocer y valorar los animales m\u00e1s pr\u00f3ximos al ser humano y adoptar modos de comportamiento que favorezcan su cuidado.<\/li>\n<li>Desarrollar sus capacidades afectivas en todos los \u00e1mbitos de la personalidad y en sus relaciones con los dem\u00e1s.<\/li>\n<li>Fomentar la educaci\u00f3n vial y actitudes de respeto que incidan en la prevenci\u00f3n de los accidentes de tr\u00e1fico.<\/li>\n<li>Plantear soluciones a problemas y necesidades de la vida diaria mediante su identificaci\u00f3n, planificaci\u00f3n y b\u00fasqueda de alternativas constructivas y creativas, utilizando fuentes de informaci\u00f3n, conocimientos adquiridos, recursos materiales y la colaboraci\u00f3n de otras personas.<\/li>\n<\/ol>\n<p>&nbsp;<\/p>\n<h4>\u00c1reas de la Educaci\u00f3n Primaria<\/h4>\n<p>El curr\u00edculo de la Educaci\u00f3n Primaria se organiza en dos grandes bloques o espacios de desarrollo global, seg\u00fan la siguiente clasificaci\u00f3n:<\/p>\n<p>&nbsp;<\/p>\n<h4>\u00c1reas para la comprensi\u00f3n y la relaci\u00f3n con el mundo<\/h4>\n<p>En este primer \u00e1mbito se incluyen las \u00e1reas que contribuyen a que el alumnado conozca y comprenda el mundo en el que vive y, sobre todo, mediante su interacci\u00f3n colabore en su conservaci\u00f3n, transformaci\u00f3n y mejora. En este \u00e1mbito, por tanto, se encuentran las \u00e1reas de:<\/p>\n<ul>\n<li>Conocimiento del Medio Natural, Social y Cultural.<\/li>\n<li>Educaci\u00f3n para la Ciudadan\u00eda.<\/li>\n<li>Matem\u00e1ticas.<\/li>\n<\/ul>\n<p>&nbsp;<\/p>\n<p>La Ense\u00f1anza de la Religi\u00f3n Cat\u00f3lica debe regirse por lo establecido en la normativa vigente. En el Colegio \u201cInfante Don Felipe\u201d un 95 por ciento de los padres solicitan ense\u00f1anza de la Religi\u00f3n Cat\u00f3lica para sus hijos. Esta \u00e1rea tambi\u00e9n ser\u00e1 incluida en este \u00e1mbito de comprensi\u00f3n y relaci\u00f3n con el mundo.<\/p>\n<p>&nbsp;<\/p>\n<h4>\u00c1reas para la comunicaci\u00f3n y la expresi\u00f3n<\/h4>\n<p>En este segundo \u00e1mbito se incluyen las \u00e1reas que facilitan la comunicaci\u00f3n del alumnado consigo mismo y con los otros a trav\u00e9s del uso de los c\u00f3digos verbal, visual, corporal, musical y pl\u00e1stico. En todos los casos, el desarrollo del lenguaje, sea cual sea su c\u00f3digo, facilita la comunicaci\u00f3n con los dem\u00e1s y el desarrollo del pensamiento. Por otra parte, desde estas \u00e1reas se contribuye a facilitar formatos verbales y no verbales suficientes para alcanzar con eficacia los objetivos del Plan de Lectura, en su intento de lograr que todo el alumnado disfrute acerc\u00e1ndose a otros universos a trav\u00e9s de la lectura.<\/p>\n<p>En este segundo \u00e1mbito, se encuentran las \u00e1reas de:<\/p>\n<ul>\n<li>Educaci\u00f3n Art\u00edstica.<\/li>\n<li>Educaci\u00f3n F\u00edsica.<\/li>\n<li>Lengua Castellana y Literatura.\n<ul>\n<li>Lectura.<\/li>\n<li>Lengua Extranjera: Ingl\u00e9s.<\/li>\n<\/ul>\n<\/li>\n<\/ul>\n<p>&nbsp;<\/p>\n<h3>Equipo de Orientaci\u00f3n y Apoyo<\/h3>\n<p>La programaci\u00f3n de este Equipo es parte de la Programaci\u00f3n General del Centro, en funci\u00f3n de los objetivos del curr\u00edculo correspondientes, y de las necesidades educativas de los alumnos susceptibles de atenci\u00f3n por parte de los especialistas en Pedagog\u00eda Terap\u00e9utica y Audici\u00f3n y Lenguaje o la Auxiliar T\u00e9cnico Educativo, as\u00ed como del desarrollo de las medidas de atenci\u00f3n a la diversidad.<\/p>\n<p>As\u00ed pues los criterios que fundamentan los horarios discentes de los alumnos y alumnas con necesidades espec\u00edficas de apoyo educativo, son los siguientes:<\/p>\n<ul>\n<li>Atenci\u00f3n prioritaria para aquellos alumnos que hayan sido diagnosticados (con dictamen) por parte de la Unidad de Orientaci\u00f3n, y que precisen la atenci\u00f3n de los especialistas en Pedagog\u00eda Terap\u00e9utica, Audici\u00f3n y Lenguaje y\/o Auxiliar T\u00e9cnico Educativo.<\/li>\n<li>Tener presente el grado de discapacidad y\/o la necesidad educativa del alumno\/a en relaci\u00f3n al n\u00famero de sesiones que se le adjudiquen y al tipo de agrupamiento, sin perder de vista el principio de integraci\u00f3n en los \u00e1mbitos en que se desenvuelve (grupo \u2013 clase, Centro, etc.).<\/li>\n<li>Procurar que participen de todas las actividades en relaci\u00f3n con su grupo que favorezcan un desarrollo integral y una formaci\u00f3n activa como son Educaci\u00f3n F\u00edsica, Educaci\u00f3n Musical, Expresi\u00f3n Pl\u00e1stica, Nuevas Tecnolog\u00edas, etc., as\u00ed como en actividades extraescolares y complementarias llevadas a cabo desde el Centro.<\/li>\n<li>Tener en cuenta las orientaciones dadas por el Equipo de Orientaci\u00f3n y Apoyo en funci\u00f3n de las discapacidades y necesidades del alumno\/a.<\/li>\n<li>En los agrupamientos se tendr\u00e1 en cuenta el tipo de necesidad y el nivel de competencia curricular, el nivel de autonom\u00eda, el comportamiento y que sean de edades similares, siempre que sea posible.<\/li>\n<li>Como norma general, si el apoyo se realiza fuera del aula del grupo, se procurar\u00e1 que estas horas coincidan con las \u00e1reas en las que m\u00e1s necesidades presenta, si con ese apoyo es capaz de seguir el nivel del aula. En otros casos, en los que las necesidades, adem\u00e1s de cognitivas, sean de procedimiento\u2026, se intentar\u00e1 que el apoyo fuera del aula sea en horas diferentes a las instrumentales.<\/li>\n<li>En determinados casos y teniendo en cuenta las necesidades educativas del alumno\/a, el grupo, etc., el apoyo y\/o refuerzo se podr\u00e1 realizar dentro del aula en alguna franja horaria, siempre y cuando se considere ventajoso para el alumno\/a y para su grupo-clase.<\/li>\n<li>Asimismo, si se considera conveniente por los profesionales que atienden a los\/as alumnos\/as se podr\u00e1n realizar agrupamientos flexibles.<\/li>\n<\/ul>\n","protected":false},"excerpt":{"rendered":"<p>Compromiso con la educaci\u00f3n El presente Proyecto Educativo de Centro que aqu\u00ed iniciamos nace con la vocaci\u00f3n de ser un documento de consenso y compromiso para la formaci\u00f3n de los alumnos y alumnas del Colegio P\u00fablico de Educaci\u00f3n Infantil y Primaria \u201cInfante Don Felipe\u201d. Se adapta a la realidad de Daimiel, a las necesidades de [&hellip;]<\/p>\n","protected":false},"author":1,"featured_media":0,"parent":0,"menu_order":0,"comment_status":"open","ping_status":"open","template":"","meta":{"footnotes":""},"_links":{"self":[{"href":"https:\/\/www.infantedonfelipe.es\/contenido\/wp-json\/wp\/v2\/pages\/115"}],"collection":[{"href":"https:\/\/www.infantedonfelipe.es\/contenido\/wp-json\/wp\/v2\/pages"}],"about":[{"href":"https:\/\/www.infantedonfelipe.es\/contenido\/wp-json\/wp\/v2\/types\/page"}],"author":[{"embeddable":true,"href":"https:\/\/www.infantedonfelipe.es\/contenido\/wp-json\/wp\/v2\/users\/1"}],"replies":[{"embeddable":true,"href":"https:\/\/www.infantedonfelipe.es\/contenido\/wp-json\/wp\/v2\/comments?post=115"}],"version-history":[{"count":4,"href":"https:\/\/www.infantedonfelipe.es\/contenido\/wp-json\/wp\/v2\/pages\/115\/revisions"}],"predecessor-version":[{"id":117,"href":"https:\/\/www.infantedonfelipe.es\/contenido\/wp-json\/wp\/v2\/pages\/115\/revisions\/117"}],"wp:attachment":[{"href":"https:\/\/www.infantedonfelipe.es\/contenido\/wp-json\/wp\/v2\/media?parent=115"}],"curies":[{"name":"wp","href":"https:\/\/api.w.org\/{rel}","templated":true}]}}