{"id":128,"date":"2013-04-10T22:14:12","date_gmt":"2013-04-10T22:14:12","guid":{"rendered":"http:\/\/www.infantedonfelipe.es\/contenido\/?page_id=128"},"modified":"2014-03-13T21:19:38","modified_gmt":"2014-03-13T21:19:38","slug":"biblioteca","status":"publish","type":"page","link":"https:\/\/www.infantedonfelipe.es\/contenido\/biblioteca\/","title":{"rendered":"Biblioteca"},"content":{"rendered":"<p>Enlaces a cuentos de inter\u00e9s:<\/p>\n<p style=\"text-align: center;\"><a href=\"https:\/\/www.dropbox.com\/sh\/5hemkuy59n9w3bn\/qi3zGBRgHL\/EL%20BOSQUE%20DE%20LOS%20LAMENTOS%20%28ESFUERZO%20Y%20SACRIFICIO%29.pdf\">El bosque de los lamentos (Esfuerzo y Sacrificio)<\/a><\/p>\n<p style=\"text-align: center;\"><a href=\"https:\/\/www.dropbox.com\/sh\/5hemkuy59n9w3bn\/gvXv_cSEuY\/LAGRIMITA%20JOE%20%28ESFUERZO%20Y%20ALEGR%C3%8DA%2C%20EVITAR%20LOS%20LLOROS%29.pdf\">Lagrimita Joe (Esfuerzo y alegr\u00eda, evitar los lloros)<\/a><\/p>\n<p style=\"text-align: center;\"><a href=\"https:\/\/www.dropbox.com\/sh\/5hemkuy59n9w3bn\/nrLV85XWhf\/LA%20CABEZA%20DE%20COLORES%20%28superar%20la%20envidia%29.pdf\">La cabeza de colores (Superar la envidia)<\/a><\/p>\n<p style=\"text-align: center;\"><a href=\"https:\/\/www.dropbox.com\/sh\/5hemkuy59n9w3bn\/T1ZHHmNoOU\/EL%20MEJOR%20GUERRERO%20DEL%20MUNDO%20%28LA%20PAZ%20Y%20LA%20NO%20VIOLENCIA%29.pdf\">El mejor guerrero del mundo (La paz y la no violencia)<\/a><\/p>\n<p style=\"text-align: center;\"><a href=\"https:\/\/www.dropbox.com\/sh\/5hemkuy59n9w3bn\/q9HiBWdQc8\/EL%20PING%C3%9CINO%20Y%20EL%20CANGURO%20%28HUMILDAD%2C%20DEPORTIVIDAD%2C%20INGENIO%29.pdf\">El ping\u00fcino y el canguro (Humildad, deportividad e ingenio)<\/a><\/p>\n<p style=\"text-align: center;\"><a href=\"https:\/\/www.dropbox.com\/sh\/5hemkuy59n9w3bn\/PY_iWpuoTM\/LOS%20MALOS%20VECINOS%20%28comunicaci%C3%B3n%29.pdf\">Los malos vecinos (Comunicaci\u00f3n)<\/a><\/p>\n<p style=\"text-align: center;\"><a href=\"https:\/\/www.dropbox.com\/sh\/5hemkuy59n9w3bn\/y0Gc_A2W8n\/LA%20PEQUE%C3%91A%20ESTRELLA%20DE%20NAVIDAD%20%28HUMILDAD%20Y%20GENEROSIDAD%29.pdf\">La peque\u00f1a estrella de Navidad (Humildad y Generosidad)<\/a><\/p>\n<p style=\"text-align: center;\"><a href=\"https:\/\/www.dropbox.com\/sh\/5hemkuy59n9w3bn\/jAVZx5eGXX\/EL%20GIRASOL%20TARD%C3%93N%20%28PACIENCIA%20Y%20OBEDIENCIA%29.pdf\">El girasol tard\u00f3n (Paciencia y obediencia)<\/a><\/p>\n<p><a class=\"cmContentLink cmContentImageLink\" href=\"\/recursos\/es\/recursos-educativos\/recursos-lectura\"><span class=\"contentName\">Recursos para la lectura<\/span><\/a><\/p>\n<p><a class=\"cmContentLink cmContentImageLink\" href=\"\/recursos\/es\/recursos-educativos\/recursos-lectura\"><span class=\"contentParamImage\"><span class=\"contentParamImageInner\"><img decoding=\"async\" src=\"http:\/\/www.educa.jccm.es\/recursos\/es\/recursos-educativos\/recursos-lectura.ficheros\/150015-Destacado_RecursosLectura.jpg\" alt=\"Destacado Recursos para la lectura\" width=\"182\" \/><\/span><\/span><\/a><\/p>\n<p><span class=\"contentText\">Incluye las \u00abActas del Primer Congreso internacional de J\u00f3venes Lectores\u00bb<\/span><\/p>\n","protected":false},"excerpt":{"rendered":"<p>Enlaces a cuentos de inter\u00e9s: El bosque de los lamentos (Esfuerzo y Sacrificio) Lagrimita Joe (Esfuerzo y alegr\u00eda, evitar los lloros) La cabeza de colores (Superar la envidia) El mejor guerrero del mundo (La paz y la no violencia) El ping\u00fcino y el canguro (Humildad, deportividad e ingenio) Los malos vecinos (Comunicaci\u00f3n) La peque\u00f1a estrella [&hellip;]<\/p>\n","protected":false},"author":1,"featured_media":0,"parent":0,"menu_order":0,"comment_status":"closed","ping_status":"open","template":"","meta":{"footnotes":""},"_links":{"self":[{"href":"https:\/\/www.infantedonfelipe.es\/contenido\/wp-json\/wp\/v2\/pages\/128"}],"collection":[{"href":"https:\/\/www.infantedonfelipe.es\/contenido\/wp-json\/wp\/v2\/pages"}],"about":[{"href":"https:\/\/www.infantedonfelipe.es\/contenido\/wp-json\/wp\/v2\/types\/page"}],"author":[{"embeddable":true,"href":"https:\/\/www.infantedonfelipe.es\/contenido\/wp-json\/wp\/v2\/users\/1"}],"replies":[{"embeddable":true,"href":"https:\/\/www.infantedonfelipe.es\/contenido\/wp-json\/wp\/v2\/comments?post=128"}],"version-history":[{"count":7,"href":"https:\/\/www.infantedonfelipe.es\/contenido\/wp-json\/wp\/v2\/pages\/128\/revisions"}],"predecessor-version":[{"id":354,"href":"https:\/\/www.infantedonfelipe.es\/contenido\/wp-json\/wp\/v2\/pages\/128\/revisions\/354"}],"wp:attachment":[{"href":"https:\/\/www.infantedonfelipe.es\/contenido\/wp-json\/wp\/v2\/media?parent=128"}],"curies":[{"name":"wp","href":"https:\/\/api.w.org\/{rel}","templated":true}]}}