{"id":137,"date":"2024-09-04T17:44:06","date_gmt":"2024-09-04T17:44:06","guid":{"rendered":"http:\/\/www.infantedonfelipe.es\/contenido\/?page_id=137"},"modified":"2025-09-21T09:58:18","modified_gmt":"2025-09-21T09:58:18","slug":"blogs-alumnos","status":"publish","type":"page","link":"https:\/\/www.infantedonfelipe.es\/contenido\/blogs-alumnos\/","title":{"rendered":"Blogs Alumnos"},"content":{"rendered":"<h2 style=\"text-align: center;\"><a href=\"https:\/\/efelinfantesemueve.blogspot.com\/\">El Infante se mueve<\/a><\/h2>\n<h3 style=\"text-align: center;\"><strong>(Proyecto Escolar Saludable)<\/strong><\/h3>\n<h2 style=\"text-align: center;\"><a href=\"http:\/\/demayoryotambiensere.blogspot.com\/\">De mayor yo tambi\u00e9n ser\u00e9<\/a><\/h2>\n<h3 style=\"text-align: center;\">(Pedagog\u00eda Terape\u00fatica, Audici\u00f3n y Lenguaje, Orientaci\u00f3n)<\/h3>\n<h2 style=\"text-align: center;\"><a href=\"http:\/\/infantemusical.blogspot.com\/\">Infante Musical<\/a><\/h2>\n<h3 style=\"text-align: center;\">(M\u00fasica)<\/h3>\n<h2 style=\"text-align: center;\"><a href=\"https:\/\/lospequesdemariangeles.blogspot.com\/\">Los peques de Mari\u00e1ngeles<\/a><\/h2>\n<h3 style=\"text-align: center;\">(Clase de EP 2\u00baA)<\/h3>\n<h2 style=\"text-align: center;\"><a href=\"http:\/\/losprimerosdeyolanda.blogspot.com\/\">Los cursos de Yolanda<\/a><\/h2>\n<h3 style=\"text-align: center;\">(Clase de EP 2\u00baB)<\/h3>\n<h2 style=\"text-align: center;\"><a href=\"https:\/\/puedoaprenderdeti.blogspot.com\/\">Puedo aprender de ti<\/a><\/h2>\n<h3 style=\"text-align: center;\">(Clases de 3\u00ba)<\/h3>\n<h2 style=\"text-align: center;\"><a href=\"https:\/\/infantedonfelipejesus.blogspot.com\/\">Infante Don Felipe, Jes\u00fas<\/a><\/h2>\n<h3 style=\"text-align: center;\">(Clase de 5\u00baA)<\/h3>\n<h2 style=\"text-align: center;\"><a href=\"http:\/\/palobaba.blogspot.com\/\">\u00abPalobaba\u00bb &#8211; La clase del profe Rafa<\/a><\/h2>\n<h3 style=\"text-align: center;\">(Clase de 6\u00baB)<\/h3>\n<h3 style=\"text-align: center;\"><\/h3>\n<p>&nbsp;<\/p>\n","protected":false},"excerpt":{"rendered":"<p>El Infante se mueve (Proyecto Escolar Saludable) De mayor yo tambi\u00e9n ser\u00e9 (Pedagog\u00eda Terape\u00fatica, Audici\u00f3n y Lenguaje, Orientaci\u00f3n) Infante Musical (M\u00fasica) Los peques de Mari\u00e1ngeles (Clase de EP 2\u00baA) Los cursos de Yolanda (Clase de EP 2\u00baB) Puedo aprender de ti (Clases de 3\u00ba) Infante Don Felipe, Jes\u00fas (Clase de 5\u00baA) \u00abPalobaba\u00bb &#8211; La clase [&hellip;]<\/p>\n","protected":false},"author":1,"featured_media":0,"parent":0,"menu_order":0,"comment_status":"closed","ping_status":"open","template":"","meta":{"footnotes":""},"_links":{"self":[{"href":"https:\/\/www.infantedonfelipe.es\/contenido\/wp-json\/wp\/v2\/pages\/137"}],"collection":[{"href":"https:\/\/www.infantedonfelipe.es\/contenido\/wp-json\/wp\/v2\/pages"}],"about":[{"href":"https:\/\/www.infantedonfelipe.es\/contenido\/wp-json\/wp\/v2\/types\/page"}],"author":[{"embeddable":true,"href":"https:\/\/www.infantedonfelipe.es\/contenido\/wp-json\/wp\/v2\/users\/1"}],"replies":[{"embeddable":true,"href":"https:\/\/www.infantedonfelipe.es\/contenido\/wp-json\/wp\/v2\/comments?post=137"}],"version-history":[{"count":20,"href":"https:\/\/www.infantedonfelipe.es\/contenido\/wp-json\/wp\/v2\/pages\/137\/revisions"}],"predecessor-version":[{"id":17042,"href":"https:\/\/www.infantedonfelipe.es\/contenido\/wp-json\/wp\/v2\/pages\/137\/revisions\/17042"}],"wp:attachment":[{"href":"https:\/\/www.infantedonfelipe.es\/contenido\/wp-json\/wp\/v2\/media?parent=137"}],"curies":[{"name":"wp","href":"https:\/\/api.w.org\/{rel}","templated":true}]}}