{"id":156,"date":"2013-12-29T11:51:54","date_gmt":"2013-12-29T11:51:54","guid":{"rendered":"http:\/\/www.infantedonfelipe.es\/contenido\/?page_id=156"},"modified":"2022-09-05T16:42:35","modified_gmt":"2022-09-05T16:42:35","slug":"admision-de-alumnos","status":"publish","type":"page","link":"https:\/\/www.infantedonfelipe.es\/contenido\/admision-de-alumnos\/","title":{"rendered":"Admisi\u00f3n de Alumnos"},"content":{"rendered":"<ul>\n<li>\n<h2><\/h2>\n<\/li>\n<\/ul>\n<h1><\/h1>\n<h2>ANEXOS:<\/h2>\n<h2><a href=\"https:\/\/www.infantedonfelipe.es\/contenido\/wp-content\/uploads\/2020\/05\/orden-modificacion-admision-alumnos.pdf\">orden modificacion admision alumnos<\/a><\/h2>\n<h2><a href=\"https:\/\/www.infantedonfelipe.es\/contenido\/wp-content\/uploads\/2020\/05\/resoluci\u00f3n-admision-de-alumnos-nueva-2020-21.pdf\">resoluci\u00f3n admision de alumnos nueva 2020-21<\/a><\/h2>\n<p>&nbsp;<\/p>\n<p>DOCUMENTOS QUE PUEDES DESCARGAR EN ESTOS ENLACES PARA LA MATR\u00cdCULA:<\/p>\n<p><a href=\"https:\/\/www.infantedonfelipe.es\/contenido\/wp-content\/uploads\/2020\/06\/Modelo-Socilitud-Ense\u00f1anza-Religi\u00f3n-2012.doc\">Modelo Socilitud Ense\u00f1anza Religi\u00f3n 2012<\/a><\/p>\n<p><a href=\"https:\/\/www.infantedonfelipe.es\/contenido\/wp-content\/uploads\/2020\/06\/Ficha-de-Datos-de-Alumnos-Primaria-2020-21.doc\">Ficha de Datos de Alumnos Primaria 2020-21<\/a><\/p>\n","protected":false},"excerpt":{"rendered":"<p>ANEXOS: orden modificacion admision alumnos resoluci\u00f3n admision de alumnos nueva 2020-21 &nbsp; DOCUMENTOS QUE PUEDES DESCARGAR EN ESTOS ENLACES PARA LA MATR\u00cdCULA: Modelo Socilitud Ense\u00f1anza Religi\u00f3n 2012 Ficha de Datos de Alumnos Primaria 2020-21<\/p>\n","protected":false},"author":1,"featured_media":0,"parent":0,"menu_order":0,"comment_status":"closed","ping_status":"open","template":"","meta":{"footnotes":""},"_links":{"self":[{"href":"https:\/\/www.infantedonfelipe.es\/contenido\/wp-json\/wp\/v2\/pages\/156"}],"collection":[{"href":"https:\/\/www.infantedonfelipe.es\/contenido\/wp-json\/wp\/v2\/pages"}],"about":[{"href":"https:\/\/www.infantedonfelipe.es\/contenido\/wp-json\/wp\/v2\/types\/page"}],"author":[{"embeddable":true,"href":"https:\/\/www.infantedonfelipe.es\/contenido\/wp-json\/wp\/v2\/users\/1"}],"replies":[{"embeddable":true,"href":"https:\/\/www.infantedonfelipe.es\/contenido\/wp-json\/wp\/v2\/comments?post=156"}],"version-history":[{"count":21,"href":"https:\/\/www.infantedonfelipe.es\/contenido\/wp-json\/wp\/v2\/pages\/156\/revisions"}],"predecessor-version":[{"id":16818,"href":"https:\/\/www.infantedonfelipe.es\/contenido\/wp-json\/wp\/v2\/pages\/156\/revisions\/16818"}],"wp:attachment":[{"href":"https:\/\/www.infantedonfelipe.es\/contenido\/wp-json\/wp\/v2\/media?parent=156"}],"curies":[{"name":"wp","href":"https:\/\/api.w.org\/{rel}","templated":true}]}}