{"id":2,"date":"2012-05-25T22:39:46","date_gmt":"2012-05-25T22:39:46","guid":{"rendered":"http:\/\/www.infantedonfelipe.es\/contenido\/?page_id=2"},"modified":"2023-11-17T19:27:05","modified_gmt":"2023-11-17T19:27:05","slug":"instalaciones-colegio-infante-don-felipe","status":"publish","type":"page","link":"https:\/\/www.infantedonfelipe.es\/contenido\/inicio\/instalaciones-colegio-infante-don-felipe\/","title":{"rendered":"Nuestras instalaciones"},"content":{"rendered":"<p style=\"text-align: justify;\" align=\"center\">El <strong>edificio principal<\/strong>,\u00a0al que se accede por dos escaleras laterales y un ascensor, consta de 14 aulas (dos de Educaci\u00f3n Infantil y doce de Educaci\u00f3n Primaria), Gabinete de Pedagog\u00eda Terap\u00e9utica y Audici\u00f3n y Lenguaje, Gimnasio, Aula de Audiovisuales, Aula de Educaci\u00f3n Musical, dos Aulas de Inform\u00e1tica, Biblioteca, Sal\u00f3n de Usos M\u00faltiples (dramatizaci\u00f3n, expresi\u00f3n corporal, taller de pl\u00e1stica, psicomotricidad, audiovisuales), \u00a0Sala de Profesores, despachos para Direcci\u00f3n, Secretar\u00eda, Jefatura de Estudios y Responsable de Orientaci\u00f3n, Almac\u00e9n, dependencia de Conserjer\u00eda, reprograf\u00eda y archivo, aseos en plantas alternas, dependencias para caldera, maquinaria de ascensor y otros.<\/p>\n<p style=\"text-align: justify;\" align=\"center\">El edificio que actualmente ocupa la <strong>Educaci\u00f3n Infantil<\/strong> consta de 4 aulas, en dos plantas, con Gabinete y Aseos en cada una de ellas.<\/p>\n<p style=\"text-align: justify;\">El <strong>estado de conservaci\u00f3n<\/strong> de los edificios es aceptable aunque ser\u00eda deseable la realizaci\u00f3n de mejoras que lo adecuaran a las necesidades actuales (pista deportiva cubierta, nuevo aulario para Educaci\u00f3n Infantil, insonorizaci\u00f3n del Gimnasio y del Aula de Educaci\u00f3n Musical, creaci\u00f3n de vestuarios y duchas junto al patio de recreo y pistas&#8230;).<\/p>\n<div id='gallery-1' class='gallery galleryid-2 gallery-columns-3 gallery-size-thumbnail'><figure class='gallery-item'>\n\t\t\t<div class='gallery-icon landscape'>\n\t\t\t\t<a href='https:\/\/www.infantedonfelipe.es\/contenido\/inicio\/instalaciones-colegio-infante-don-felipe\/colegio2\/'><img loading=\"lazy\" decoding=\"async\" width=\"150\" height=\"150\" src=\"https:\/\/www.infantedonfelipe.es\/contenido\/wp-content\/uploads\/2012\/05\/Colegio2-150x150.jpg\" class=\"attachment-thumbnail size-thumbnail\" alt=\"\" \/><\/a>\n\t\t\t<\/div><\/figure><figure class='gallery-item'>\n\t\t\t<div class='gallery-icon landscape'>\n\t\t\t\t<a href='https:\/\/www.infantedonfelipe.es\/contenido\/inicio\/instalaciones-colegio-infante-don-felipe\/edificio_infantil\/'><img loading=\"lazy\" decoding=\"async\" width=\"150\" height=\"150\" src=\"https:\/\/www.infantedonfelipe.es\/contenido\/wp-content\/uploads\/2012\/05\/Edificio_Infantil-150x150.jpg\" class=\"attachment-thumbnail size-thumbnail\" alt=\"\" \/><\/a>\n\t\t\t<\/div><\/figure><figure class='gallery-item'>\n\t\t\t<div class='gallery-icon landscape'>\n\t\t\t\t<a href='https:\/\/www.infantedonfelipe.es\/contenido\/inicio\/instalaciones-colegio-infante-don-felipe\/pista_deportes_01\/'><img loading=\"lazy\" decoding=\"async\" width=\"150\" height=\"150\" src=\"https:\/\/www.infantedonfelipe.es\/contenido\/wp-content\/uploads\/2012\/05\/Pista_Deportes_01-150x150.jpg\" class=\"attachment-thumbnail size-thumbnail\" alt=\"\" \/><\/a>\n\t\t\t<\/div><\/figure><figure class='gallery-item'>\n\t\t\t<div class='gallery-icon landscape'>\n\t\t\t\t<a href='https:\/\/www.infantedonfelipe.es\/contenido\/inicio\/instalaciones-colegio-infante-don-felipe\/aula_ecalderon01\/'><img loading=\"lazy\" decoding=\"async\" width=\"150\" height=\"150\" src=\"https:\/\/www.infantedonfelipe.es\/contenido\/wp-content\/uploads\/2012\/05\/Aula_ECalderon01-150x150.jpg\" class=\"attachment-thumbnail size-thumbnail\" alt=\"\" \/><\/a>\n\t\t\t<\/div><\/figure><figure class='gallery-item'>\n\t\t\t<div class='gallery-icon landscape'>\n\t\t\t\t<a href='https:\/\/www.infantedonfelipe.es\/contenido\/inicio\/instalaciones-colegio-infante-don-felipe\/biblioteca01\/'><img loading=\"lazy\" decoding=\"async\" width=\"150\" height=\"150\" src=\"https:\/\/www.infantedonfelipe.es\/contenido\/wp-content\/uploads\/2012\/05\/Biblioteca01-150x150.jpg\" class=\"attachment-thumbnail size-thumbnail\" alt=\"\" \/><\/a>\n\t\t\t<\/div><\/figure><figure class='gallery-item'>\n\t\t\t<div class='gallery-icon landscape'>\n\t\t\t\t<a href='https:\/\/www.infantedonfelipe.es\/contenido\/inicio\/instalaciones-colegio-infante-don-felipe\/musica1\/'><img loading=\"lazy\" decoding=\"async\" width=\"150\" height=\"150\" src=\"https:\/\/www.infantedonfelipe.es\/contenido\/wp-content\/uploads\/2012\/05\/Musica1-150x150.jpg\" class=\"attachment-thumbnail size-thumbnail\" alt=\"\" \/><\/a>\n\t\t\t<\/div><\/figure>\n\t\t<\/div>\n\n<p style=\"text-align: justify;\">\n","protected":false},"excerpt":{"rendered":"<p>El edificio principal,\u00a0al que se accede por dos escaleras laterales y un ascensor, consta de 14 aulas (dos de Educaci\u00f3n Infantil y doce de Educaci\u00f3n Primaria), Gabinete de Pedagog\u00eda Terap\u00e9utica y Audici\u00f3n y Lenguaje, Gimnasio, Aula de Audiovisuales, Aula de Educaci\u00f3n Musical, dos Aulas de Inform\u00e1tica, Biblioteca, Sal\u00f3n de Usos M\u00faltiples (dramatizaci\u00f3n, expresi\u00f3n corporal, taller [&hellip;]<\/p>\n","protected":false},"author":1,"featured_media":0,"parent":16877,"menu_order":0,"comment_status":"open","ping_status":"open","template":"","meta":{"footnotes":""},"_links":{"self":[{"href":"https:\/\/www.infantedonfelipe.es\/contenido\/wp-json\/wp\/v2\/pages\/2"}],"collection":[{"href":"https:\/\/www.infantedonfelipe.es\/contenido\/wp-json\/wp\/v2\/pages"}],"about":[{"href":"https:\/\/www.infantedonfelipe.es\/contenido\/wp-json\/wp\/v2\/types\/page"}],"author":[{"embeddable":true,"href":"https:\/\/www.infantedonfelipe.es\/contenido\/wp-json\/wp\/v2\/users\/1"}],"replies":[{"embeddable":true,"href":"https:\/\/www.infantedonfelipe.es\/contenido\/wp-json\/wp\/v2\/comments?post=2"}],"version-history":[{"count":5,"href":"https:\/\/www.infantedonfelipe.es\/contenido\/wp-json\/wp\/v2\/pages\/2\/revisions"}],"predecessor-version":[{"id":16880,"href":"https:\/\/www.infantedonfelipe.es\/contenido\/wp-json\/wp\/v2\/pages\/2\/revisions\/16880"}],"up":[{"embeddable":true,"href":"https:\/\/www.infantedonfelipe.es\/contenido\/wp-json\/wp\/v2\/pages\/16877"}],"wp:attachment":[{"href":"https:\/\/www.infantedonfelipe.es\/contenido\/wp-json\/wp\/v2\/media?parent=2"}],"curies":[{"name":"wp","href":"https:\/\/api.w.org\/{rel}","templated":true}]}}