{"id":57,"date":"2013-04-05T18:00:24","date_gmt":"2013-04-05T18:00:24","guid":{"rendered":"http:\/\/www.infantedonfelipe.es\/contenido\/?page_id=57"},"modified":"2023-09-28T09:13:26","modified_gmt":"2023-09-28T09:13:26","slug":"consejo-escolar-colegio-infante-don-felipe","status":"publish","type":"page","link":"https:\/\/www.infantedonfelipe.es\/contenido\/consejo-escolar-colegio-infante-don-felipe\/","title":{"rendered":"Consejo Escolar"},"content":{"rendered":"<p style=\"text-align: right;\"><a href=\"https:\/\/dl-web.dropbox.com\/get\/Colegio\/Documentos%20Program%C3%A1ticos\/Organigrama%201%20Colegio%202012-2013.pdf?w=AACnn4Cvr0t31t4ey2VneIr2ZCUcJiBJqTfd-bWtzccXww\" target=\"_blank\" rel=\"noopener noreferrer\">Organigrama<\/a><\/p>\n<p>El<strong> Consejo Escolar del Centro, <\/strong>durante el Curso 2023-2024<strong>,<\/strong> est\u00e1 compuesto por las siguientes miembros:<\/p>\n<p>&nbsp;<\/p>\n<p><strong>Equipo Directivo<\/strong><\/p>\n<p>Miguel \u00c1ngel Mart\u00ednez (presidente del Consejo Escolar)<\/p>\n<p>Lu\u00eds Alberto D\u00edaz del Campo (jefe de Estudios)<\/p>\n<p>Francisco Garc\u00eda-Moreno (secretario del Consejo)<\/p>\n<p><strong>Representantes del Profesorado<\/strong><\/p>\n<p>Elisa Mart\u00edn de Andr\u00e9s<\/p>\n<p>Francisca Mill\u00e1n<\/p>\n<p>Marcelino Ruiz de la Hermosa<\/p>\n<p>M.\u00aa Carmen Torres<\/p>\n<p><strong>Representantes de Padres y Madres<\/strong><\/p>\n<p>Jes\u00fas L\u00f3pez de Toro<\/p>\n<p>M.\u00aa Cruces Prado<\/p>\n<p>Jos\u00e9 Miguel Ru\u00edz de la Hermosa<\/p>\n<p>Antonio Ru\u00edz<\/p>\n<p><strong>Representante Personal No Docente<\/strong><\/p>\n<p>Waldino Aparicio<\/p>\n<p><strong>Representante Municipal<\/strong><\/p>\n<p>M.\u00aa Cruces S\u00e1nchez de Pablo<\/p>\n","protected":false},"excerpt":{"rendered":"<p>Organigrama El Consejo Escolar del Centro, durante el Curso 2023-2024, est\u00e1 compuesto por las siguientes miembros: &nbsp; Equipo Directivo Miguel \u00c1ngel Mart\u00ednez (presidente del Consejo Escolar) Lu\u00eds Alberto D\u00edaz del Campo (jefe de Estudios) Francisco Garc\u00eda-Moreno (secretario del Consejo) Representantes del Profesorado Elisa Mart\u00edn de Andr\u00e9s Francisca Mill\u00e1n Marcelino Ruiz de la Hermosa M.\u00aa Carmen [&hellip;]<\/p>\n","protected":false},"author":1,"featured_media":0,"parent":0,"menu_order":0,"comment_status":"open","ping_status":"open","template":"","meta":{"footnotes":""},"_links":{"self":[{"href":"https:\/\/www.infantedonfelipe.es\/contenido\/wp-json\/wp\/v2\/pages\/57"}],"collection":[{"href":"https:\/\/www.infantedonfelipe.es\/contenido\/wp-json\/wp\/v2\/pages"}],"about":[{"href":"https:\/\/www.infantedonfelipe.es\/contenido\/wp-json\/wp\/v2\/types\/page"}],"author":[{"embeddable":true,"href":"https:\/\/www.infantedonfelipe.es\/contenido\/wp-json\/wp\/v2\/users\/1"}],"replies":[{"embeddable":true,"href":"https:\/\/www.infantedonfelipe.es\/contenido\/wp-json\/wp\/v2\/comments?post=57"}],"version-history":[{"count":22,"href":"https:\/\/www.infantedonfelipe.es\/contenido\/wp-json\/wp\/v2\/pages\/57\/revisions"}],"predecessor-version":[{"id":16855,"href":"https:\/\/www.infantedonfelipe.es\/contenido\/wp-json\/wp\/v2\/pages\/57\/revisions\/16855"}],"wp:attachment":[{"href":"https:\/\/www.infantedonfelipe.es\/contenido\/wp-json\/wp\/v2\/media?parent=57"}],"curies":[{"name":"wp","href":"https:\/\/api.w.org\/{rel}","templated":true}]}}