{"id":96,"date":"2013-04-06T23:26:53","date_gmt":"2013-04-06T23:26:53","guid":{"rendered":"http:\/\/www.infantedonfelipe.es\/contenido\/?page_id=96"},"modified":"2023-09-11T17:59:12","modified_gmt":"2023-09-11T17:59:12","slug":"a-m-p-a-infante-don-felipe","status":"publish","type":"page","link":"https:\/\/www.infantedonfelipe.es\/contenido\/a-m-p-a-infante-don-felipe\/","title":{"rendered":"A.M.P.A.  \u00abInfante Don Felipe\u00bb"},"content":{"rendered":"<p><strong>ampainfantedonfelipe@hotmail.com<\/strong><\/p>\n<p><strong>Tel\u00e9fono &#8211; 630 150 726 (Roc\u00edo) 635 590355 (Raquel)<\/strong><\/p>\n<p>&nbsp;<\/p>\n<p style=\"text-align: center;\"><strong>Junta Directiva<\/strong><\/p>\n<p style=\"text-align: center;\">M\u00aa Cruces Prado (Presidenta)<\/p>\n<p style=\"text-align: center;\">Raquel Cejudo (Vicepresidenta)<\/p>\n<p style=\"text-align: center;\">\u00c1ngela L\u00f3pez de Mota (Tesorera)<\/p>\n<p style=\"text-align: center;\">M\u00aa Roc\u00edo Baeza (Secretaria)<\/p>\n<p style=\"text-align: center;\">Cristina D\u00eda del Campo (vocal)<\/p>\n<p style=\"text-align: center;\">Mar\u00eda del Mar Honrado (vocal)<\/p>\n<p style=\"text-align: center;\"><strong>Horario y lugar de atenci\u00f3n a familias<\/strong><\/p>\n<p style=\"text-align: center;\">Lunes de 5 a 6 de la tarde en la Antigua Biblioteca<\/p>\n<p style=\"text-align: center;\"><strong>Representaciones:<\/strong><\/p>\n<p style=\"text-align: center;\">Consejo Escolar: Do\u00f1a \u00a0M\u00aa Cruces Prado<\/p>\n<p style=\"text-align: center;\">Consejo Escolar Municipal: M\u00aa Roc\u00edo Baeza<\/p>\n<p style=\"text-align: center;\"><strong>Sitio Web &#8211; Facebook:<\/strong><\/p>\n<p style=\"text-align: center;\"><a href=\"https:\/\/www.facebook.com\/ampainfantedonfelipe.daimiel\">https:\/\/www.facebook.com\/ampainfantedonfelipe.daimiel<\/a><\/p>\n","protected":false},"excerpt":{"rendered":"<p>ampainfantedonfelipe@hotmail.com Tel\u00e9fono &#8211; 630 150 726 (Roc\u00edo) 635 590355 (Raquel) &nbsp; Junta Directiva M\u00aa Cruces Prado (Presidenta) Raquel Cejudo (Vicepresidenta) \u00c1ngela L\u00f3pez de Mota (Tesorera) M\u00aa Roc\u00edo Baeza (Secretaria) Cristina D\u00eda del Campo (vocal) Mar\u00eda del Mar Honrado (vocal) Horario y lugar de atenci\u00f3n a familias Lunes de 5 a 6 de la tarde en [&hellip;]<\/p>\n","protected":false},"author":1,"featured_media":0,"parent":0,"menu_order":0,"comment_status":"open","ping_status":"open","template":"","meta":{"footnotes":""},"_links":{"self":[{"href":"https:\/\/www.infantedonfelipe.es\/contenido\/wp-json\/wp\/v2\/pages\/96"}],"collection":[{"href":"https:\/\/www.infantedonfelipe.es\/contenido\/wp-json\/wp\/v2\/pages"}],"about":[{"href":"https:\/\/www.infantedonfelipe.es\/contenido\/wp-json\/wp\/v2\/types\/page"}],"author":[{"embeddable":true,"href":"https:\/\/www.infantedonfelipe.es\/contenido\/wp-json\/wp\/v2\/users\/1"}],"replies":[{"embeddable":true,"href":"https:\/\/www.infantedonfelipe.es\/contenido\/wp-json\/wp\/v2\/comments?post=96"}],"version-history":[{"count":14,"href":"https:\/\/www.infantedonfelipe.es\/contenido\/wp-json\/wp\/v2\/pages\/96\/revisions"}],"predecessor-version":[{"id":16853,"href":"https:\/\/www.infantedonfelipe.es\/contenido\/wp-json\/wp\/v2\/pages\/96\/revisions\/16853"}],"wp:attachment":[{"href":"https:\/\/www.infantedonfelipe.es\/contenido\/wp-json\/wp\/v2\/media?parent=96"}],"curies":[{"name":"wp","href":"https:\/\/api.w.org\/{rel}","templated":true}]}}